{"id":170,"date":"2025-02-25T13:05:44","date_gmt":"2025-02-25T12:05:44","guid":{"rendered":"http:\/\/nowa.lasmak.pl\/?page_id=170"},"modified":"2025-03-28T15:14:35","modified_gmt":"2025-03-28T14:14:35","slug":"aktualnosci","status":"publish","type":"page","link":"http:\/\/lasmak.pl\/?page_id=170","title":{"rendered":"Aktualno\u015bci"},"content":{"rendered":"<div class=\"wpb-content-wrapper\">[vc_row][vc_column][vc_column_text css=&#8221;&#8221;]<strong>Zawiadomienie o uzgodnieniu planu po\u0142\u0105czenia wraz z og\u0142oszeniem planu po\u0142\u0105czenia<br \/>\n<\/strong><\/p>\n<p>Zarz\u0105d sp\u00f3\u0142ki <strong>LASMAK sp. z o.o<\/strong><strong>. <\/strong>informuje, \u017ce w dniu 26 marca 2025 r. uzgodniony zosta\u0142 Plan Po\u0142\u0105czenia sp\u00f3\u0142ki <strong>LASMAK sp. z o.o.<\/strong> z\u202fsiedzib\u0105 w\u202fRudzie \u015al\u0105skiej, adres: ul. Nowy \u015awiat 48, 41-706 Ruda \u015al\u0105ska, wpisanej do rejestru przedsi\u0119biorc\u00f3w Krajowego Rejestru S\u0105dowego prowadzonego przez S\u0105d Rejonowy w Gliwicach, X Wydzia\u0142 Gospodarczy Krajowego Rejestru S\u0105dowego pod numerem KRS: 0000933507, REGON: 520482686, NIP: 9542833161\u00a0 (\u201e<strong>Sp\u00f3\u0142ka Przejmuj\u0105ca<\/strong>\u201d) ze sp\u00f3\u0142k\u0105 <strong>PMN Invest sp. z o.o<\/strong>. z\u202fsiedzib\u0105 w\u202fRudzie \u015al\u0105skiej, adres: ul. Nowy \u015awiat 48, 41-706 Ruda \u015al\u0105ska, wpisan\u0105 do rejestru przedsi\u0119biorc\u00f3w Krajowego Rejestru S\u0105dowego prowadzonego przez S\u0105d Rejonowy w Gliwicach, X Wydzia\u0142 Gospodarczy Krajowego Rejestru S\u0105dowego pod numerem KRS: 0001139471, REGON: 540230348, NIP: 6412569646 (\u201e<strong>Sp\u00f3\u0142ka Przejmowana<\/strong>\u201d) w trybie art. 492 \u00a7 1 pkt 1 Kodeksu sp\u00f3\u0142ek handlowych tj. przez przeniesienie ca\u0142ego maj\u0105tku Sp\u00f3\u0142ki Przejmowanej na Sp\u00f3\u0142k\u0119 Przejmuj\u0105c\u0105.<\/p>\n<p>Jednocze\u015bnie dzia\u0142aj\u0105c na podstawie art. 500 \u00a7 2<sup>1<\/sup> Kodeksu sp\u00f3\u0142ek handlowych, Zarz\u0105d sp\u00f3\u0142ki <strong>LASMAK sp. z o.o<\/strong><strong>. <\/strong>niniejszym bezp\u0142atnie udost\u0119pnia do publicznej wiadomo\u015bci wspomniany Plan Po\u0142\u0105czenia z dnia 26 marca 2025 r. poprzez zamieszczenie go w za\u0142\u0105czniku niniejszego zawiadomienia.<\/p>\n<p>&nbsp;[\/vc_column_text][\/vc_column][\/vc_row][vc_row][vc_column]<a href=\"http:\/\/lasmak.pl\/wp-content\/uploads\/2025\/03\/Lasmak-PMN.pdf\" class=\"vcex-button theme-button large inline\"><span class=\"vcex-button-inner theme-button-inner wpex-flex wpex-flex-wrap wpex-items-center wpex-justify-center\">Plan po\u0142\u0105czenia &#8211; plik pdf<\/span><\/a> [\/vc_column][\/vc_row][vc_row][vc_column][vc_column_text css=&#8221;&#8221;][\/vc_column_text][\/vc_column][\/vc_row]\n<\/div>","protected":false},"excerpt":{"rendered":"<p>[vc_row][vc_column][vc_column_text css=&#8221;&#8221;]Zawiadomienie o uzgodnieniu planu po\u0142\u0105czenia wraz z og\u0142oszeniem planu po\u0142\u0105czenia Zarz\u0105d sp\u00f3\u0142ki LASMAK sp. z o.o. informuje, \u017ce w dniu 26 marca 2025 r. uzgodniony zosta\u0142 Plan Po\u0142\u0105czenia sp\u00f3\u0142ki LASMAK sp. z o.o. z\u202fsiedzib\u0105 w\u202fRudzie \u015al\u0105skiej, adres: ul. Nowy \u015awiat 48, 41-706 Ruda \u015al\u0105ska, wpisanej do rejestru przedsi\u0119biorc\u00f3w Krajowego Rejestru S\u0105dowego prowadzonego przez S\u0105d&hellip;<\/p>\n","protected":false},"author":1,"featured_media":0,"parent":0,"menu_order":0,"comment_status":"closed","ping_status":"closed","template":"","meta":{"footnotes":""},"class_list":["post-170","page","type-page","status-publish","hentry","entry","no-media"],"yoast_head":"<!-- This site is optimized with the Yoast SEO plugin v24.4 - https:\/\/yoast.com\/wordpress\/plugins\/seo\/ -->\n<title>Aktualno\u015bci - LASMAK SP. Z O.O.<\/title>\n<meta name=\"robots\" content=\"index, follow, max-snippet:-1, max-image-preview:large, max-video-preview:-1\" \/>\n<link rel=\"canonical\" href=\"http:\/\/lasmak.pl\/?page_id=170\" \/>\n<meta property=\"og:locale\" content=\"pl_PL\" \/>\n<meta property=\"og:type\" content=\"article\" \/>\n<meta property=\"og:title\" content=\"Aktualno\u015bci - LASMAK SP. Z O.O.\" \/>\n<meta property=\"og:description\" content=\"[vc_row][vc_column][vc_column_text css=&#8221;&#8221;]Zawiadomienie o uzgodnieniu planu po\u0142\u0105czenia wraz z og\u0142oszeniem planu po\u0142\u0105czenia Zarz\u0105d sp\u00f3\u0142ki LASMAK sp. z o.o. informuje, \u017ce w dniu 26 marca 2025 r. uzgodniony zosta\u0142 Plan Po\u0142\u0105czenia sp\u00f3\u0142ki LASMAK sp. z o.o. z\u202fsiedzib\u0105 w\u202fRudzie \u015al\u0105skiej, adres: ul. Nowy \u015awiat 48, 41-706 Ruda \u015al\u0105ska, wpisanej do rejestru przedsi\u0119biorc\u00f3w Krajowego Rejestru S\u0105dowego prowadzonego przez S\u0105d&hellip;\" \/>\n<meta property=\"og:url\" content=\"http:\/\/lasmak.pl\/?page_id=170\" \/>\n<meta property=\"og:site_name\" content=\"LASMAK SP. Z O.O.\" \/>\n<meta property=\"article:modified_time\" content=\"2025-03-28T14:14:35+00:00\" \/>\n<meta name=\"twitter:card\" content=\"summary_large_image\" \/>\n<meta name=\"twitter:label1\" content=\"Szacowany czas czytania\" \/>\n\t<meta name=\"twitter:data1\" content=\"2 minuty\" \/>\n<script type=\"application\/ld+json\" class=\"yoast-schema-graph\">{\"@context\":\"https:\/\/schema.org\",\"@graph\":[{\"@type\":\"WebPage\",\"@id\":\"http:\/\/lasmak.pl\/?page_id=170\",\"url\":\"http:\/\/lasmak.pl\/?page_id=170\",\"name\":\"Aktualno\u015bci - LASMAK SP. Z O.O.\",\"isPartOf\":{\"@id\":\"http:\/\/lasmak.pl\/#website\"},\"datePublished\":\"2025-02-25T12:05:44+00:00\",\"dateModified\":\"2025-03-28T14:14:35+00:00\",\"breadcrumb\":{\"@id\":\"http:\/\/lasmak.pl\/?page_id=170#breadcrumb\"},\"inLanguage\":\"pl-PL\",\"potentialAction\":[{\"@type\":\"ReadAction\",\"target\":[\"http:\/\/lasmak.pl\/?page_id=170\"]}]},{\"@type\":\"BreadcrumbList\",\"@id\":\"http:\/\/lasmak.pl\/?page_id=170#breadcrumb\",\"itemListElement\":[{\"@type\":\"ListItem\",\"position\":1,\"name\":\"Home\",\"item\":\"http:\/\/lasmak.pl\/\"},{\"@type\":\"ListItem\",\"position\":2,\"name\":\"Aktualno\u015bci\"}]},{\"@type\":\"WebSite\",\"@id\":\"http:\/\/lasmak.pl\/#website\",\"url\":\"http:\/\/lasmak.pl\/\",\"name\":\"LASMAK SP. Z O.O.\",\"description\":\"\",\"potentialAction\":[{\"@type\":\"SearchAction\",\"target\":{\"@type\":\"EntryPoint\",\"urlTemplate\":\"http:\/\/lasmak.pl\/?s={search_term_string}\"},\"query-input\":{\"@type\":\"PropertyValueSpecification\",\"valueRequired\":true,\"valueName\":\"search_term_string\"}}],\"inLanguage\":\"pl-PL\"}]}<\/script>\n<!-- \/ Yoast SEO plugin. -->","yoast_head_json":{"title":"Aktualno\u015bci - LASMAK SP. Z O.O.","robots":{"index":"index","follow":"follow","max-snippet":"max-snippet:-1","max-image-preview":"max-image-preview:large","max-video-preview":"max-video-preview:-1"},"canonical":"http:\/\/lasmak.pl\/?page_id=170","og_locale":"pl_PL","og_type":"article","og_title":"Aktualno\u015bci - LASMAK SP. Z O.O.","og_description":"[vc_row][vc_column][vc_column_text css=&#8221;&#8221;]Zawiadomienie o uzgodnieniu planu po\u0142\u0105czenia wraz z og\u0142oszeniem planu po\u0142\u0105czenia Zarz\u0105d sp\u00f3\u0142ki LASMAK sp. z o.o. informuje, \u017ce w dniu 26 marca 2025 r. uzgodniony zosta\u0142 Plan Po\u0142\u0105czenia sp\u00f3\u0142ki LASMAK sp. z o.o. z\u202fsiedzib\u0105 w\u202fRudzie \u015al\u0105skiej, adres: ul. Nowy \u015awiat 48, 41-706 Ruda \u015al\u0105ska, wpisanej do rejestru przedsi\u0119biorc\u00f3w Krajowego Rejestru S\u0105dowego prowadzonego przez S\u0105d&hellip;","og_url":"http:\/\/lasmak.pl\/?page_id=170","og_site_name":"LASMAK SP. Z O.O.","article_modified_time":"2025-03-28T14:14:35+00:00","twitter_card":"summary_large_image","twitter_misc":{"Szacowany czas czytania":"2 minuty"},"schema":{"@context":"https:\/\/schema.org","@graph":[{"@type":"WebPage","@id":"http:\/\/lasmak.pl\/?page_id=170","url":"http:\/\/lasmak.pl\/?page_id=170","name":"Aktualno\u015bci - LASMAK SP. Z O.O.","isPartOf":{"@id":"http:\/\/lasmak.pl\/#website"},"datePublished":"2025-02-25T12:05:44+00:00","dateModified":"2025-03-28T14:14:35+00:00","breadcrumb":{"@id":"http:\/\/lasmak.pl\/?page_id=170#breadcrumb"},"inLanguage":"pl-PL","potentialAction":[{"@type":"ReadAction","target":["http:\/\/lasmak.pl\/?page_id=170"]}]},{"@type":"BreadcrumbList","@id":"http:\/\/lasmak.pl\/?page_id=170#breadcrumb","itemListElement":[{"@type":"ListItem","position":1,"name":"Home","item":"http:\/\/lasmak.pl\/"},{"@type":"ListItem","position":2,"name":"Aktualno\u015bci"}]},{"@type":"WebSite","@id":"http:\/\/lasmak.pl\/#website","url":"http:\/\/lasmak.pl\/","name":"LASMAK SP. Z O.O.","description":"","potentialAction":[{"@type":"SearchAction","target":{"@type":"EntryPoint","urlTemplate":"http:\/\/lasmak.pl\/?s={search_term_string}"},"query-input":{"@type":"PropertyValueSpecification","valueRequired":true,"valueName":"search_term_string"}}],"inLanguage":"pl-PL"}]}},"_links":{"self":[{"href":"http:\/\/lasmak.pl\/index.php?rest_route=\/wp\/v2\/pages\/170","targetHints":{"allow":["GET"]}}],"collection":[{"href":"http:\/\/lasmak.pl\/index.php?rest_route=\/wp\/v2\/pages"}],"about":[{"href":"http:\/\/lasmak.pl\/index.php?rest_route=\/wp\/v2\/types\/page"}],"author":[{"embeddable":true,"href":"http:\/\/lasmak.pl\/index.php?rest_route=\/wp\/v2\/users\/1"}],"replies":[{"embeddable":true,"href":"http:\/\/lasmak.pl\/index.php?rest_route=%2Fwp%2Fv2%2Fcomments&post=170"}],"version-history":[{"count":5,"href":"http:\/\/lasmak.pl\/index.php?rest_route=\/wp\/v2\/pages\/170\/revisions"}],"predecessor-version":[{"id":218,"href":"http:\/\/lasmak.pl\/index.php?rest_route=\/wp\/v2\/pages\/170\/revisions\/218"}],"wp:attachment":[{"href":"http:\/\/lasmak.pl\/index.php?rest_route=%2Fwp%2Fv2%2Fmedia&parent=170"}],"curies":[{"name":"wp","href":"https:\/\/api.w.org\/{rel}","templated":true}]}}