{"id":27,"date":"2023-07-06T00:06:34","date_gmt":"2023-07-06T00:06:34","guid":{"rendered":"https:\/\/totalwpdemos.wpenginepowered.com\/reach\/?page_id=27"},"modified":"2025-02-26T14:24:39","modified_gmt":"2025-02-26T13:24:39","slug":"home","status":"publish","type":"page","link":"http:\/\/lasmak.pl\/","title":{"rendered":"Home"},"content":{"rendered":"<div class=\"wpb-content-wrapper\">[vc_row remove_bottom_col_margin=&#8221;true&#8221;][vc_column]<div class=\"vcex-spacing wpex-w-100 wpex-clear\" style=\"height:4vmax;\"><\/div>[\/vc_column][\/vc_row][vc_row remove_bottom_col_margin=&#8221;true&#8221; max_width_custom=&#8221;800px&#8221;][vc_column]<style>.vcex-heading.vcex_69e4b40732e5e{font-size:var(--wpex-text-4xl);}@media (max-width:959px){.vcex-heading.vcex_69e4b40732e5e{font-size:var(--wpex-text-5xl);}}@media (max-width:479px){.vcex-heading.vcex_69e4b40732e5e{font-size:var(--wpex-text-3xl);}}<\/style><h1 class=\"vcex-heading vcex-heading-plain vcex-module wpex-heading wpex-text-2xl wpex-text-center vcex_69e4b40732e5e\"><span class=\"vcex-heading-inner wpex-inline-block\">Kompleksowa wsp\u00f3\u0142praca w realizacji przemys\u0142owych zada\u0144 inwestycyjnych<\/span><\/h1><div class=\"vcex-spacing wpex-w-100 wpex-clear\" style=\"height:40px;\"><\/div><div class=\"vcex-spacing wpex-w-100 wpex-clear\" style=\"height:40px;\"><\/div>[\/vc_column][\/vc_row][vc_row remove_bottom_col_margin=&#8221;true&#8221;][vc_column width=&#8221;1\/2&#8243;]<div class=\"vcex-heading vcex-heading-plain vcex-module wpex-heading wpex-text-2xl wpex-text-center\"><span class=\"vcex-heading-inner wpex-inline-block\">Pemug Sp. z o.o.<\/span><\/div><style>.vcex-image.vcex_69e4b40734013 .vcex-image-img{background-color:transparent;height:150px;}.vcex-image.vcex_69e4b40734013 .vcex-image-inner{max-width:150px;}<\/style><figure class=\"vcex-image vcex-module wpex-text-center vcex_69e4b40734013\"><div class=\"vcex-image-inner wpex-relative wpex-inline-block\"><img width=\"257\" height=\"293\" src=\"http:\/\/lasmak.pl\/wp-content\/uploads\/2025\/02\/pemug.jpg\" class=\"vcex-image-img wpex-align-middle wpex-p-30 wpex-object-cover\" alt=\"\" loading=\"lazy\" decoding=\"async\" \/><\/div><\/figure><div class=\"vcex-spacing wpex-w-100 wpex-clear\" style=\"height:35px;\"><\/div>[vc_column_text css=&#8221;&#8221;]\n<p style=\"text-align: center;\"><span class=\"vcex-heading-inner wpex-inline-block\">GENERALNE WYKONAWSTWO ROB\u00d3T BUDOWLANO-MONTA\u017bOWYCH<\/span><\/p>\n<div class=\"wpb_text_column wpb_content_element\">\n<div class=\"wpb_wrapper\">\n<p style=\"text-align: center;\">80 lat do\u015bwiadczeni<\/p>\n<\/div>\n<\/div>\n[\/vc_column_text][\/vc_column][vc_column width=&#8221;1\/2&#8243;]<div class=\"vcex-heading vcex-heading-plain vcex-module wpex-heading wpex-text-2xl wpex-text-center\"><span class=\"vcex-heading-inner wpex-inline-block\">Separator Sp. z o.o.<\/span><\/div><div class=\"vcex-spacing wpex-w-100 wpex-clear\" style=\"height:35px;\"><\/div><figure class=\"vcex-image vcex-module wpex-mb-20 wpex-text-center\"><div class=\"vcex-image-inner wpex-relative wpex-inline-block\"><img loading=\"lazy\" class=\"vcex-image-img wpex-align-middle wpex-aspect-1-1 wpex-object-cover\" decoding=\"async\" src=\"http:\/\/lasmak.pl\/wp-content\/uploads\/2025\/02\/logo_baner-1.jpg\" alt=\"\" width=\"80\" height=\"90\"><\/div><\/figure><div class=\"vcex-spacing wpex-w-100 wpex-clear\" style=\"height:25px;\"><\/div><div class=\"vcex-spacing wpex-w-100 wpex-clear\" style=\"height:25px;\"><\/div>[vc_column_text css=&#8221;&#8221;]\n<p style=\"text-align: center;\"><span class=\"vcex-heading-inner wpex-inline-block\">KONCEPCJE, DOKUMENTACJE PROJEKTOWE, POZWOLENIA, REALIZACJA ROB\u00d3T W PRZEMY\u015aLE<\/span><\/p>\n<p style=\"text-align: center;\">Ponad 70 lat do\u015bwiadczenia<\/p>\n[\/vc_column_text][\/vc_column][\/vc_row][vc_section full_width=&#8221;stretch_row&#8221; el_class=&#8221;wpex-surface-2&#8243; visibility=&#8221;hidden&#8221;][vc_row remove_bottom_col_margin=&#8221;true&#8221; visibility=&#8221;hidden&#8221;][vc_column][\/vc_column][\/vc_row][vc_row content_placement=&#8221;middle&#8221; gap=&#8221;35&#8243; remove_bottom_col_margin=&#8221;true&#8221; columns_right=&#8221;yes&#8221;][vc_column width=&#8221;1\/2&#8243;]<style>.vcex-heading.vcex_69e4b4073612a{font-size:var(--wpex-text-3xl);}<\/style><h2 class=\"vcex-heading vcex-heading-plain vcex-module wpex-heading wpex-text-2xl vcex_69e4b4073612a\"><span class=\"vcex-heading-inner wpex-inline-block\">Helping Brands Grow &amp; Succeed Globally Since 2011<\/span><\/h2>\t<style>.vcex_69e4b407363af{height:40px;}@media (max-width:767px){.vcex_69e4b407363af{height:25px;}}<\/style>\n<div class=\"vcex-spacing wpex-w-100 wpex-clear vcex_69e4b407363af\"><\/div>[vc_column_text]Vivamus condimentum sapien varius risus vulputate ullamcorper. Mauris eu elit tempor, bibendum neque vel, iaculis augue. Vivamus suscipit tristique ex sit amet condimentum.[\/vc_column_text][\/vc_column][\/vc_row][vc_row remove_bottom_col_margin=&#8221;true&#8221;][vc_column]<div class=\"vcex-spacing wpex-w-100 wpex-clear\" style=\"height:5vmax;\"><\/div>[\/vc_column][\/vc_row][\/vc_section][vc_row remove_bottom_col_margin=&#8221;true&#8221;][vc_column]<div class=\"vcex-spacing wpex-w-100 wpex-clear\" style=\"height:4vmax;\"><\/div>[\/vc_column][\/vc_row][vc_row visibility=&#8221;hidden&#8221;][vc_column]<div class=\"vcex-flex-container vcex-module wpex-flex wpex-gap-20 wpex-flex-wrap wpex-items-center wpex-justify-between wpex-mb-40\"><style>.vcex-heading.vcex_69e4b407368ec{font-size:var(--wpex-text-3xl);}<\/style><h2 class=\"vcex-heading vcex-heading-plain vcex-module wpex-heading wpex-text-2xl vcex_69e4b407368ec\"><span class=\"vcex-heading-inner wpex-inline-block\">Featured Client Work<\/span><\/h2><a href=\"http:\/\/nowa.lasmak.pl\/portfolio\/\" class=\"vcex-button theme-txt-link wpex-inline-block inline\"><span class=\"vcex-button-inner theme-button-inner wpex-flex wpex-flex-wrap wpex-items-center wpex-justify-center\">See more work<\/span><\/a> <\/div><div class=\"wpex-post-cards wpex-post-cards-template_76 wpex-relative\"><div class=\"wpex-post-cards-inner\"><div class=\"wpex-post-cards-loop wpex-post-cards-grid wpex-grid wpex-grid-cols-4 wpex-tp-grid-cols-2 wpex-pp-grid-cols-1 wpex-gap-30\"><div class=\"wpex-post-cards-entry wpex-flex wpex-flex-col wpex-flex-grow post-138 type-portfolio cat-7 cat-8\"><div class=\"wpex-card wpex-card-template_76\"><a href=\"http:\/\/lasmak.pl\/?portfolio=portfolio-item-twelve\" aria-label=\"Portfolio Item Twelve\" class=\"wpex-card-inner wpex-no-underline wpex-inherit-color\"><div class=\"vc_row wpb_row vc_row-fluid wpex-relative wpex-vc-has-custom-column-spacing wpex-vc-column-spacing-0px no-bottom-margins\"><div class=\"wpb_column vc_column_container vc_col-sm-12\"><div class=\"vc_column-inner\"><div class=\"wpb_wrapper\"><style>.vcex-image.vcex_69e4b4073a2da .vcex-image-img{border-radius:var(--wpex-rounded);}<\/style><figure class=\"vcex-image vcex-module wpex-text-center vcex_69e4b4073a2da\"><div class=\"vcex-image-inner wpex-relative wpex-inline-block wpex-image-hover grow\"><img width=\"2000\" height=\"1334\" src=\"http:\/\/lasmak.pl\/wp-content\/uploads\/2023\/07\/pmv-chamara-rKZRUrK2IjY-unsplash.jpg\" class=\"vcex-image-img wpex-align-middle wpex-shadow-xl wpex-aspect-3-4 wpex-object-cover\" alt=\"\" loading=\"lazy\" decoding=\"async\" \/><\/div><\/figure><\/div><\/div><\/div><\/div>\n<\/a><\/div><\/div><div class=\"wpex-post-cards-entry wpex-flex wpex-flex-col wpex-flex-grow post-134 type-portfolio cat-6 cat-8\"><div class=\"wpex-card wpex-card-template_76\"><a href=\"http:\/\/lasmak.pl\/?portfolio=portfolio-item-eleven\" aria-label=\"Portfolio Item Eleven\" class=\"wpex-card-inner wpex-no-underline wpex-inherit-color\"><div class=\"vc_row wpb_row vc_row-fluid wpex-relative wpex-vc-has-custom-column-spacing wpex-vc-column-spacing-0px no-bottom-margins\"><div class=\"wpb_column vc_column_container vc_col-sm-12\"><div class=\"vc_column-inner\"><div class=\"wpb_wrapper\"><style>.vcex-image.vcex_69e4b4073b068 .vcex-image-img{border-radius:var(--wpex-rounded);}<\/style><figure class=\"vcex-image vcex-module wpex-text-center vcex_69e4b4073b068\"><div class=\"vcex-image-inner wpex-relative wpex-inline-block wpex-image-hover grow\"><img width=\"1827\" height=\"2560\" src=\"http:\/\/lasmak.pl\/wp-content\/uploads\/2023\/07\/mk-2-4geSPKxK4gY-unsplash-scaled-1.jpg\" class=\"vcex-image-img wpex-align-middle wpex-shadow-xl wpex-aspect-3-4 wpex-object-cover\" alt=\"\" loading=\"lazy\" decoding=\"async\" \/><\/div><\/figure><\/div><\/div><\/div><\/div>\n<\/a><\/div><\/div><div class=\"wpex-post-cards-entry wpex-flex wpex-flex-col wpex-flex-grow post-132 type-portfolio cat-7 cat-8 cat-10\"><div class=\"wpex-card wpex-card-template_76\"><a href=\"http:\/\/lasmak.pl\/?portfolio=portfolio-item-ten\" aria-label=\"Portfolio Item Ten\" class=\"wpex-card-inner wpex-no-underline wpex-inherit-color\"><div class=\"vc_row wpb_row vc_row-fluid wpex-relative wpex-vc-has-custom-column-spacing wpex-vc-column-spacing-0px no-bottom-margins\"><div class=\"wpb_column vc_column_container vc_col-sm-12\"><div class=\"vc_column-inner\"><div class=\"wpb_wrapper\"><style>.vcex-image.vcex_69e4b4073ba19 .vcex-image-img{border-radius:var(--wpex-rounded);}<\/style><figure class=\"vcex-image vcex-module wpex-text-center vcex_69e4b4073ba19\"><div class=\"vcex-image-inner wpex-relative wpex-inline-block wpex-image-hover grow\"><img width=\"2000\" height=\"1333\" src=\"http:\/\/lasmak.pl\/wp-content\/uploads\/2023\/07\/studio-blackthorns-XpPNzr_ZeRk-unsplash.jpg\" class=\"vcex-image-img wpex-align-middle wpex-shadow-xl wpex-aspect-3-4 wpex-object-cover\" alt=\"\" loading=\"lazy\" decoding=\"async\" \/><\/div><\/figure><\/div><\/div><\/div><\/div>\n<\/a><\/div><\/div><div class=\"wpex-post-cards-entry wpex-flex wpex-flex-col wpex-flex-grow post-126 type-portfolio cat-7 cat-8\"><div class=\"wpex-card wpex-card-template_76\"><a href=\"http:\/\/lasmak.pl\/?portfolio=portfolio-item-seven\" aria-label=\"Portfolio Item Seven\" class=\"wpex-card-inner wpex-no-underline wpex-inherit-color\"><div class=\"vc_row wpb_row vc_row-fluid wpex-relative wpex-vc-has-custom-column-spacing wpex-vc-column-spacing-0px no-bottom-margins\"><div class=\"wpb_column vc_column_container vc_col-sm-12\"><div class=\"vc_column-inner\"><div class=\"wpb_wrapper\"><style>.vcex-image.vcex_69e4b4073c373 .vcex-image-img{border-radius:var(--wpex-rounded);}<\/style><figure class=\"vcex-image vcex-module wpex-text-center vcex_69e4b4073c373\"><div class=\"vcex-image-inner wpex-relative wpex-inline-block wpex-image-hover grow\"><img width=\"2000\" height=\"1333\" src=\"http:\/\/lasmak.pl\/wp-content\/uploads\/2023\/07\/curology-ZIihTgf5uGg-unsplash.jpg\" class=\"vcex-image-img wpex-align-middle wpex-shadow-xl wpex-aspect-3-4 wpex-object-cover\" alt=\"\" loading=\"lazy\" decoding=\"async\" \/><\/div><\/figure><\/div><\/div><\/div><\/div>\n<\/a><\/div><\/div><\/div><\/div><\/div>[\/vc_column][\/vc_row][vc_row remove_bottom_col_margin=&#8221;true&#8221; visibility=&#8221;hidden&#8221;][vc_column]<div class=\"vcex-flex-container vcex-module wpex-flex wpex-gap-20 wpex-flex-wrap wpex-items-center wpex-justify-between wpex-mb-40\"><style>.vcex-heading.vcex_69e4b4073cbb6{font-size:var(--wpex-text-3xl);}<\/style><h2 class=\"vcex-heading vcex-heading-plain vcex-module wpex-heading wpex-text-2xl vcex_69e4b4073cbb6\"><span class=\"vcex-heading-inner wpex-inline-block\">Latest from the Blog<\/span><\/h2><a href=\"http:\/\/nowa.lasmak.pl\/blog\/\" class=\"vcex-button theme-txt-link wpex-inline-block inline\"><span class=\"vcex-button-inner theme-button-inner wpex-flex wpex-flex-wrap wpex-items-center wpex-justify-center\">Visit the blog<\/span><\/a> <\/div><div class=\"vcex-no-posts-found\">No posts found.<\/div>[\/vc_column][\/vc_row][vc_row remove_bottom_col_margin=&#8221;true&#8221;][vc_column]<div class=\"vcex-spacing wpex-w-100 wpex-clear\" style=\"height:2vmax;\"><\/div>[\/vc_column][\/vc_row]\n<\/div>","protected":false},"excerpt":{"rendered":"Quisque a imperdiet ligula. Orci varius natoque penatibus et magnis dis parturient montes, nascetur ridiculus mus. Mauris sit amet nibh pretium, blandit est bibendum, bibendum lacus. Integer placerat convallis erat eget posuere. Aenean porta sem quis velit convallis, at feugiat mauris tincidunt. Integer ornare vel est nec congue. Phasellus ultricies rhoncus eros at blandit. Nam&hellip;","protected":false},"author":1,"featured_media":0,"parent":0,"menu_order":0,"comment_status":"closed","ping_status":"closed","template":"","meta":{"footnotes":""},"class_list":["post-27","page","type-page","status-publish","hentry","entry","has-media"],"yoast_head":"<!-- This site is optimized with the Yoast SEO plugin v24.4 - https:\/\/yoast.com\/wordpress\/plugins\/seo\/ -->\n<title>Home - LASMAK SP. Z O.O.<\/title>\n<meta name=\"robots\" content=\"index, follow, max-snippet:-1, max-image-preview:large, max-video-preview:-1\" \/>\n<link rel=\"canonical\" href=\"http:\/\/lasmak.pl\/\" \/>\n<meta property=\"og:locale\" content=\"pl_PL\" \/>\n<meta property=\"og:type\" content=\"article\" \/>\n<meta property=\"og:title\" content=\"Home - LASMAK SP. Z O.O.\" \/>\n<meta property=\"og:url\" content=\"http:\/\/lasmak.pl\/\" \/>\n<meta property=\"og:site_name\" content=\"LASMAK SP. Z O.O.\" \/>\n<meta property=\"article:modified_time\" content=\"2025-02-26T13:24:39+00:00\" \/>\n<meta name=\"twitter:card\" content=\"summary_large_image\" \/>\n<meta name=\"twitter:label1\" content=\"Szacowany czas czytania\" \/>\n\t<meta name=\"twitter:data1\" content=\"3 minuty\" \/>\n<script type=\"application\/ld+json\" class=\"yoast-schema-graph\">{\"@context\":\"https:\/\/schema.org\",\"@graph\":[{\"@type\":\"WebPage\",\"@id\":\"http:\/\/lasmak.pl\/\",\"url\":\"http:\/\/lasmak.pl\/\",\"name\":\"Home - LASMAK SP. Z O.O.\",\"isPartOf\":{\"@id\":\"http:\/\/lasmak.pl\/#website\"},\"datePublished\":\"2023-07-06T00:06:34+00:00\",\"dateModified\":\"2025-02-26T13:24:39+00:00\",\"breadcrumb\":{\"@id\":\"http:\/\/lasmak.pl\/#breadcrumb\"},\"inLanguage\":\"pl-PL\",\"potentialAction\":[{\"@type\":\"ReadAction\",\"target\":[\"http:\/\/lasmak.pl\/\"]}]},{\"@type\":\"BreadcrumbList\",\"@id\":\"http:\/\/lasmak.pl\/#breadcrumb\",\"itemListElement\":[{\"@type\":\"ListItem\",\"position\":1,\"name\":\"Home\",\"item\":\"http:\/\/lasmak.pl\/\"},{\"@type\":\"ListItem\",\"position\":2,\"name\":\"Home\"}]},{\"@type\":\"WebSite\",\"@id\":\"http:\/\/lasmak.pl\/#website\",\"url\":\"http:\/\/lasmak.pl\/\",\"name\":\"LASMAK SP. Z O.O.\",\"description\":\"\",\"potentialAction\":[{\"@type\":\"SearchAction\",\"target\":{\"@type\":\"EntryPoint\",\"urlTemplate\":\"http:\/\/lasmak.pl\/?s={search_term_string}\"},\"query-input\":{\"@type\":\"PropertyValueSpecification\",\"valueRequired\":true,\"valueName\":\"search_term_string\"}}],\"inLanguage\":\"pl-PL\"}]}<\/script>\n<!-- \/ Yoast SEO plugin. -->","yoast_head_json":{"title":"Home - LASMAK SP. Z O.O.","robots":{"index":"index","follow":"follow","max-snippet":"max-snippet:-1","max-image-preview":"max-image-preview:large","max-video-preview":"max-video-preview:-1"},"canonical":"http:\/\/lasmak.pl\/","og_locale":"pl_PL","og_type":"article","og_title":"Home - LASMAK SP. Z O.O.","og_url":"http:\/\/lasmak.pl\/","og_site_name":"LASMAK SP. Z O.O.","article_modified_time":"2025-02-26T13:24:39+00:00","twitter_card":"summary_large_image","twitter_misc":{"Szacowany czas czytania":"3 minuty"},"schema":{"@context":"https:\/\/schema.org","@graph":[{"@type":"WebPage","@id":"http:\/\/lasmak.pl\/","url":"http:\/\/lasmak.pl\/","name":"Home - LASMAK SP. Z O.O.","isPartOf":{"@id":"http:\/\/lasmak.pl\/#website"},"datePublished":"2023-07-06T00:06:34+00:00","dateModified":"2025-02-26T13:24:39+00:00","breadcrumb":{"@id":"http:\/\/lasmak.pl\/#breadcrumb"},"inLanguage":"pl-PL","potentialAction":[{"@type":"ReadAction","target":["http:\/\/lasmak.pl\/"]}]},{"@type":"BreadcrumbList","@id":"http:\/\/lasmak.pl\/#breadcrumb","itemListElement":[{"@type":"ListItem","position":1,"name":"Home","item":"http:\/\/lasmak.pl\/"},{"@type":"ListItem","position":2,"name":"Home"}]},{"@type":"WebSite","@id":"http:\/\/lasmak.pl\/#website","url":"http:\/\/lasmak.pl\/","name":"LASMAK SP. Z O.O.","description":"","potentialAction":[{"@type":"SearchAction","target":{"@type":"EntryPoint","urlTemplate":"http:\/\/lasmak.pl\/?s={search_term_string}"},"query-input":{"@type":"PropertyValueSpecification","valueRequired":true,"valueName":"search_term_string"}}],"inLanguage":"pl-PL"}]}},"_links":{"self":[{"href":"http:\/\/lasmak.pl\/index.php?rest_route=\/wp\/v2\/pages\/27","targetHints":{"allow":["GET"]}}],"collection":[{"href":"http:\/\/lasmak.pl\/index.php?rest_route=\/wp\/v2\/pages"}],"about":[{"href":"http:\/\/lasmak.pl\/index.php?rest_route=\/wp\/v2\/types\/page"}],"author":[{"embeddable":true,"href":"http:\/\/lasmak.pl\/index.php?rest_route=\/wp\/v2\/users\/1"}],"replies":[{"embeddable":true,"href":"http:\/\/lasmak.pl\/index.php?rest_route=%2Fwp%2Fv2%2Fcomments&post=27"}],"version-history":[{"count":5,"href":"http:\/\/lasmak.pl\/index.php?rest_route=\/wp\/v2\/pages\/27\/revisions"}],"predecessor-version":[{"id":210,"href":"http:\/\/lasmak.pl\/index.php?rest_route=\/wp\/v2\/pages\/27\/revisions\/210"}],"wp:attachment":[{"href":"http:\/\/lasmak.pl\/index.php?rest_route=%2Fwp%2Fv2%2Fmedia&parent=27"}],"curies":[{"name":"wp","href":"https:\/\/api.w.org\/{rel}","templated":true}]}}